{"id":234,"date":"2019-12-16T12:47:41","date_gmt":"2019-12-16T12:47:41","guid":{"rendered":"https:\/\/aesthetik.haut-therapie-zentrum.de\/?page_id=234"},"modified":"2024-01-17T08:33:55","modified_gmt":"2024-01-17T08:33:55","slug":"home","status":"publish","type":"page","link":"https:\/\/aesthetik.haut-therapie-zentrum.de\/","title":{"rendered":"home"},"content":{"rendered":"\n<figure class=\"wp-block-image alignfull size-large\"><img loading=\"lazy\" decoding=\"async\" width=\"2000\" height=\"437\" src=\"https:\/\/aesthetik.haut-therapie-zentrum.de\/wp-content\/uploads\/aesthetik.jpg\" alt=\"\u00c4sthetische Chirurgie Header - Hauttherapiezentrum Stuttgart\" class=\"wp-image-202\" srcset=\"https:\/\/aesthetik.haut-therapie-zentrum.de\/wp-content\/uploads\/aesthetik.jpg 2000w, https:\/\/aesthetik.haut-therapie-zentrum.de\/wp-content\/uploads\/aesthetik-300x66.jpg 300w, https:\/\/aesthetik.haut-therapie-zentrum.de\/wp-content\/uploads\/aesthetik-1024x224.jpg 1024w, https:\/\/aesthetik.haut-therapie-zentrum.de\/wp-content\/uploads\/aesthetik-768x168.jpg 768w, https:\/\/aesthetik.haut-therapie-zentrum.de\/wp-content\/uploads\/aesthetik-1536x336.jpg 1536w\" sizes=\"auto, (max-width: 2000px) 100vw, 2000px\" \/><\/figure>\n\n\n\n<h1 class=\"wp-block-heading has-text-align-center\">\u00c4sthetische Chirurgie auf h\u00f6chstem Niveau<\/h1>\n\n\n\n<p class=\"has-text-align-center\">Immer mehr Menschen vertrauen auf die modernen Methoden der  \u00e4sthetischen Chirurgie. Dieses steigende Interesse an  \u00e4sthetisch-chirurgischen Behandlungsmethoden l\u00e4sst sich leicht erkl\u00e4ren:  Moderne, minimal-invasive Methoden machen es m\u00f6glich, der Haut auf eine  besonders sanfte Art und Weise zu einem jugendlichen und frischen  Aussehen zu verhelfen \u2013 und das ganz ohne Skalpell, Narkose und riskante  Operationen. <\/p>\n\n\n\n<h2 class=\"wp-block-heading has-text-align-center\">Kennen Sie das? Sie schauen morgens in den Spiegel&#8230;<\/h2>\n\n\n\n<p class=\"has-text-align-center\">und das, was Sie sehen, will einfach nicht zu dem passen, was Sie in \nsich f\u00fchlen? Sie hegen den tiefen Wunsch, Ihre \u00e4u\u00dfere Erscheinung Ihrem \ninneren Bild von sich selbst anzupassen? Dann sind Sie bei unseren \nExperten f\u00fcr \u00e4sthetisch-plastische Operationen in Stuttgart goldrichtig.\n Wir f\u00fchren sch\u00f6nheitschirurgische Eingriffe effektiv und schonend durch\n \u2013 in der Regel ambulant, so dass Sie unsere Klinik schon nach wenigen \nStunden wieder verlassen k\u00f6nnen. <br>Profitieren auch Sie von den \nVorz\u00fcgen der modernen \u00e4sthetischen Chirurgie: Sie werden nicht nur \nj\u00fcnger, strahlender und ges\u00fcnder aussehen, sondern sich auch so f\u00fchlen!<\/p>\n\n\n<h2 style=\"color: #b9aca3; font-weight: 400;\">Die M\u00f6glichkeiten der modernen Sch\u00f6nheitschirurgie<\/h2>\n<p>Hochmoderne technische Verfahren erlauben sanfte und sehr pr\u00e4zise Operationen und Eingriffe. Unsere \u00c4rzte und das gesamte Personal handeln stets zum Wohle unserer Patienten \u2013 kompetent, freundlich und nat\u00fcrlich absolut diskret. So k\u00f6nnen Sie sich sicher sein, dass Sie in unseren sch\u00f6nen Praxisr\u00e4umen im Herzen von Stuttgart rundum gut aufgehoben sind.<\/p>\n<p>Ihre Haut, Ihr Gesicht, Ihr gesamtes Erscheinungsbild ist absolut einzigartig. Es macht Ihre Pers\u00f6nlichkeit aus und sollte daher nur behutsam ver\u00e4ndert werden. Unsere Experten f\u00fcr \u00e4sthetische Chirurgie im Hauttherapiezentrum Stuttgart verf\u00fcgen \u00fcber das n\u00f6tige Fingerspitzengef\u00fchl und langj\u00e4hrige Erfahrung auf Ihrem Gebiet.<\/p>\n\n\n<div class=\"wp-block-columns is-layout-flex wp-container-core-columns-is-layout-9d6595d7 wp-block-columns-is-layout-flex\">\n<div class=\"wp-block-column is-layout-flow wp-block-column-is-layout-flow\">\n<a href=\"https:\/\/www.haut-therapie-zentrum.de\/faltenbehandlung.html\"><img loading=\"lazy\" decoding=\"async\" width=\"300\" height=\"195\" src=\"\/wp-content\/uploads\/Faltenbehandlung.jpg\" alt=\"Faltenbehandlung\" class=\"wp-image-44\"><\/a>\n<div class=\"teaser-box\"><h3><a style=\"color: #fff;\" href=\"https:\/\/www.haut-therapie-zentrum.de\/faltenbehandlung.html\">\nFaltenbehandlung<\/a><\/h3><\/div>\n<\/div>\n\n\n\n<div class=\"wp-block-column is-layout-flow wp-block-column-is-layout-flow\">\n<a href=\"https:\/\/www.haut-therapie-zentrum.de\/aerzte.html\"><img decoding=\"async\" src=\"https:\/\/aesthetik.haut-therapie-zentrum.de\/wp-content\/uploads\/dr-ralf-merkert-hauttherapiezentrum-stuttgart.jpg\" alt=\"Dr. Ralf Merkert\" class=\"wp-image-44\"><\/a>\n<div class=\"teaser-box\"><h3><a style=\"color: #fff;\" href=\"https:\/\/www.haut-therapie-zentrum.de\/aerzte.html\">\n\u00dcber uns<\/a><\/h3><\/div>\n<\/div>\n\n\n\n<div class=\"wp-block-column is-vertically-aligned-center is-layout-flow wp-block-column-is-layout-flow\">\n<p class=\"has-text-align-center\">F\u00fcr <br>Privatversicherte\/\u00c4sthetik\/Selbstzahler: <br>Tel.\u00a0<a href=\"tel:+497112524080\">+49 (0) 711 25 24 080<\/a><\/p>\n\n\n\n<p class=\"has-text-align-center\">Vereinbaren Sie einen Termin f\u00fcr das erste unverbindliche Beratungsgespr\u00e4ch<\/p>\n\n\n\n<p class=\"has-text-align-center\">Sofern Sie uns telefonisch nicht erreichen, k\u00f6nnen Sie uns Ihre Anfrage gerne auch per Mail zukommen lassen:&nbsp;<a href=\"mailto:info@haut-therapie-zentrum.de\">info@haut-therapie-zentrum.de<\/a><\/p>\n<\/div>\n<\/div>\n","protected":false},"excerpt":{"rendered":"<p>\u00c4sthetische Chirurgie auf h\u00f6chstem Niveau Immer mehr Menschen vertrauen auf die modernen Methoden der \u00e4sthetischen Chirurgie. Dieses steigende Interesse an \u00e4sthetisch-chirurgischen Behandlungsmethoden l\u00e4sst sich leicht erkl\u00e4ren: Moderne, minimal-invasive Methoden machen es m\u00f6glich, der Haut auf eine besonders sanfte Art und Weise zu einem jugendlichen und frischen Aussehen zu verhelfen \u2013 und das ganz ohne Skalpell, &#8230; <a title=\"home\" class=\"read-more\" href=\"https:\/\/aesthetik.haut-therapie-zentrum.de\/\" aria-label=\"Mehr Informationen \u00fcber home\">Weiterlesen<\/a><\/p>\n","protected":false},"author":1,"featured_media":0,"parent":0,"menu_order":0,"comment_status":"closed","ping_status":"closed","template":"","meta":{"footnotes":""},"class_list":["post-234","page","type-page","status-publish"],"_links":{"self":[{"href":"https:\/\/aesthetik.haut-therapie-zentrum.de\/index.php?rest_route=\/wp\/v2\/pages\/234","targetHints":{"allow":["GET"]}}],"collection":[{"href":"https:\/\/aesthetik.haut-therapie-zentrum.de\/index.php?rest_route=\/wp\/v2\/pages"}],"about":[{"href":"https:\/\/aesthetik.haut-therapie-zentrum.de\/index.php?rest_route=\/wp\/v2\/types\/page"}],"author":[{"embeddable":true,"href":"https:\/\/aesthetik.haut-therapie-zentrum.de\/index.php?rest_route=\/wp\/v2\/users\/1"}],"replies":[{"embeddable":true,"href":"https:\/\/aesthetik.haut-therapie-zentrum.de\/index.php?rest_route=%2Fwp%2Fv2%2Fcomments&post=234"}],"version-history":[{"count":26,"href":"https:\/\/aesthetik.haut-therapie-zentrum.de\/index.php?rest_route=\/wp\/v2\/pages\/234\/revisions"}],"predecessor-version":[{"id":320,"href":"https:\/\/aesthetik.haut-therapie-zentrum.de\/index.php?rest_route=\/wp\/v2\/pages\/234\/revisions\/320"}],"wp:attachment":[{"href":"https:\/\/aesthetik.haut-therapie-zentrum.de\/index.php?rest_route=%2Fwp%2Fv2%2Fmedia&parent=234"}],"curies":[{"name":"wp","href":"https:\/\/api.w.org\/{rel}","templated":true}]}}